{"id":35,"date":"2025-07-29T14:04:02","date_gmt":"2025-07-29T14:04:02","guid":{"rendered":"https:\/\/test.transnationaljusticeinitiatives.org\/?page_id=35"},"modified":"2026-04-17T14:54:40","modified_gmt":"2026-04-17T14:54:40","slug":"about","status":"publish","type":"page","link":"https:\/\/test.transnationaljusticeinitiatives.org\/es\/about\/","title":{"rendered":"Acerca de"},"content":{"rendered":"<h1>\n\t\t\t\n\t\t<\/h1>\n\t\t\t<p>This site is a repository that brings together resources that have come out of a number of initiatives that seek to advance new ways of thinking about law and legal institutions to create more just futures.We have pursued forms of engagement with civil society and movement leaders that have focused on creating space and opportunities for transnational collaborations and supporting grassroots organizations to participate in international legal and policymaking conversations, advocate for change, and challenge the bounds of international law.One of our aims has been to disrupt the often extractive relationships between institutional actors, academics, and movements. Another has been to sustain intellectual community among critical international legal scholars similarly invested in more just futures.<\/p>\t\t\n\t\t<h2>\n\t\t\tConoce al equipo\n\t\t<\/h2>\n\t\t\t<p>Nuestro equipo re\u00fane a expertos legales, defensores e investigadores comprometidos con el avance de la justicia transnacional. Cada miembro aporta experiencia y conocimiento \u00fanicos para fortalecer nuestro impacto colectivo.<\/p>\t\t\n<figure itemscope itemtype=\"https:\/\/schema.org\/ImageObject\">\n\t\t\t\t<a href=\"\/es\/resource-author\/e-tendayi-achiume\/\"  target=\"_self\" itemprop=\"url\">\n\t\t\t\t<img decoding=\"async\" src=\"https:\/\/test.transnationaljusticeinitiatives.org\/wp-content\/uploads\/2025\/09\/UN7825155_5d8_.jpg\" alt=\"UN7825155_5d8_\" height=\"799\" width=\"1200\" title=\"UN7825155_5d8_\" onerror=\"this.style.display='none'\" loading=\"lazy\" \/>\n\t\t\t\t<\/a>\n\t<\/figure>\n<h3>\n\t\t<a href=\"\/es\/resource-author\/e-tendayi-achiume\/\" title=\"E. Tendayi Achiume\"  target=\"_self\">\n\t\t\tE. Tendayi Achiume\t\t<\/a>\n\t<\/h3>\n\t<p><strong>Profesor\/a de Derecho,\u00a0<a href=\"https:\/\/law.stanford.edu\/e-tendayi-achiume\/\" target=\"_blank\" rel=\"noopener\">Facultad de Derecho de Stanford<\/a><\/strong><\/p>\n<p><strong>2023\u00a0<a href=\"https:\/\/www.macfound.org\/fellows\/class-of-2023\/e-tendayi-achiume#searchresults\" target=\"_blank\" rel=\"noopener\">Becario MacArthur<\/a><\/strong><\/p>\n<p>La profesora E. Tendayi Achiume es una jurista internacional especializada en derecho internacional de los derechos humanos, derecho internacional de los refugiados y derecho internacional de la migraci\u00f3n. Su investigaci\u00f3n acad\u00e9mica explora la gobernanza global del racismo y la xenofobia, as\u00ed como las implicaciones legales y \u00e9ticas del colonialismo y otras formas de imperio en la gobernanza de la migraci\u00f3n internacional.<\/p>\n<p><strong>Correo electr\u00f3nico:<\/strong>\u00a0<a href=\"mailto:achiume@law.stanford.edu\">achiume@law.stanford.edu<\/a><\/p>\n<figure itemscope itemtype=\"https:\/\/schema.org\/ImageObject\">\n\t\t\t\t<a href=\"\/es\/resource-author\/asli-bali\/\"  target=\"_self\" itemprop=\"url\">\n\t\t\t\t<img decoding=\"async\" src=\"https:\/\/test.transnationaljusticeinitiatives.org\/wp-content\/uploads\/2026\/02\/Bali-Asli_COURTESY.jpg\" alt=\"Bali-Asli_COURTESY\" height=\"1081\" width=\"1920\" title=\"Bali-Asli_CORTES\u00cdA\" onerror=\"this.style.display='none'\" loading=\"lazy\" \/>\n\t\t\t\t<\/a>\n\t<\/figure>\n<h3>\n\t\t<a href=\"\/es\/resource-author\/asli-bali\/\" title=\"Asl\u0131 \u00dc. B\u00e2li\"  target=\"_self\">\n\t\t\tAsl\u0131 \u00dc. B\u00e2li\t\t<\/a>\n\t<\/h3>\n\t<p><strong>Catedr\u00e1tico Howard M. Holtzmann de Derecho,\u00a0<a href=\"https:\/\/law.yale.edu\/asli-u-bali\">Facultad de Derecho de Yale<\/a><\/strong><\/p>\n<p>Professor Asl\u0131 U\u0308. Ba\u0302li&#8217;s teaching and research interests include public international law &#8211; particularly human rights law and the law of the international security order &#8211; and comparative constitutional law, with a focus on the Middle East. She has written on the nuclear non-proliferation regime, humanitarian intervention, the roles of race and empire in the interpretation and enforcement of international law, the role of judicial independence in constitutional transitions, federalism and decentralization in the Middle East, and constitutional design in religiously divided societies. Before joining Yale Law, Ba\u0302li was a Professor of Law at UCLA School of Law and the founding faculty director of the Promise Institute for Human Rights.<\/p>\n<p><strong>Correo electr\u00f3nico:<\/strong>\u00a0<a href=\"mailto:asli.bali@yale.edu\">asli.bali@yale.edu<\/a><\/p>\n<figure itemscope itemtype=\"https:\/\/schema.org\/ImageObject\">\n\t\t\t\t<a href=\"\/es\/resource-author\/s-priya-morley\/\"  target=\"_self\" itemprop=\"url\">\n\t\t\t\t<img decoding=\"async\" src=\"https:\/\/test.transnationaljusticeinitiatives.org\/wp-content\/uploads\/2025\/10\/S-Priya-Morley.png\" alt=\"S-Priya-Morley\" height=\"1080\" width=\"1080\" title=\"S-Priya-Morley\" onerror=\"this.style.display='none'\" loading=\"lazy\" \/>\n\t\t\t\t<\/a>\n\t<\/figure>\n<h3>\n\t\t<a href=\"\/es\/resource-author\/s-priya-morley\/\" title=\"S. Priya Morley\"  target=\"_self\">\n\t\t\tS. Priya Morley\t\t<\/a>\n\t<\/h3>\n\t<p><strong>Director de la Iniciativa de Justicia Racial,\u00a0<a href=\"https:\/\/www.law.nyu.edu\/centers\/bernstein-institute\/team\">Instituto Bernstein de Derechos Humanos<\/a> en la Facultad de Derecho de NYU<\/strong><\/p>\n<p><strong>Abogado supervisor de la\u00a0<a href=\"https:\/\/chrgj.org\/s-priya-morley\/\">Cl\u00ednica de Justicia Global<\/a>\u00a0en la Facultad de Derecho de NYU<\/strong><\/p>\n<p>S. Priya Morley es Directora de la Iniciativa de Justicia Racial en el Instituto Bernstein de Derechos Humanos y Abogada Supervisora en la Cl\u00ednica de Justicia Global de la Facultad de Derecho de NYU. Dirige iniciativas acad\u00e9micas, de defensa y de pol\u00edticas en la intersecci\u00f3n de la justicia racial y los enfoques cr\u00edticos de los derechos humanos internacionales, con un enfoque particular en la migraci\u00f3n, la justicia clim\u00e1tica y las reparaciones. Antes de unirse a NYU Law, Morley fue profesora en la Facultad de Derecho de UCLA como Directora de la Cl\u00ednica de Derechos Humanos Internacionales y Asesora de Pol\u00edticas de Justicia Racial en el Instituto Promise de Derechos Humanos.<\/p>\n<p><strong>Correo electr\u00f3nico:<\/strong>\u00a0<a href=\"mailto:s.priya.morley@nyu.edu\">s.priya.morley@nyu.edu<\/a><\/p>\n\t\t<h2>\n\t\t\tEventos e hitos\n\t\t<\/h2>\n\t\t\t<p>The timeline below describes selected events, collaborations and partnerships that reflect our work to date:<\/p>\t\t\n\t\t\t\t\t\t\t<h3>2026 Advancing climate justice, racial justice and reparations in the African Human Rights System<\/h3>\n\t\t\t\t\t\t\t<p>Following the recent climate advisory opinions of the IACtHR and the International Court of Justice (ICJ), our current focus is developments in the African human rights system, as where the African Court on Human and Peoples&#8217; Rights (AfCHPR) is seized with a climate advisory opinion.<\/p>\t\t\t\t\t\t\t<a href=\"https:\/\/test.transnationaljusticeinitiatives.org\/es\/initiatives\/climate-justice-racial-justice-and-regional-human-rights-systems\/\" target=\"_self\">Seguir leyendo<\/a>\t\t\t\t\t\t\n\t\t\t\t\t\t\t<h3>2025 Convening on &#8220;Lost in Transition: Race, reparations and environmental justice&#8221;<\/h3>\n\t\t\t\t\t\t\t<p>Organized convening &#8220;Lost in Transition: Race, reparations and environmental justice,&#8221; hosted at the Centre for Applied Legal Studies (CALS) at Wits University in Johannesburg, South Africa. Participants explored how a racial justice lens and the frameworks of reparations, just transition, and transitional justice could be used to understand and respond to the global ecological crisis. <\/p>\t\t\t\t\t\t\t<a href=\"\/es\/event\/lost-in-transition-race-reparations-environmental-justice\/\" target=\"_self\">Seguir leyendo<\/a>\t\t\t\t\t\t\n\t\t\t\t\t\t\t<h3>2025 Launched report:\u00a0Bay Kou Bliye, Pote Mak Sonje: Climate Injustice in Haiti and the Case for Reparations<\/h3>\n\t\t\t\t\t\t\t<p>Launched report &#8220;Bay Kou Bliye, Pote Mak Sonje: Climate Injustice in Haiti and the Case for Reparations&#8221;, which illuminates the crisis of climate injustice in Haiti.<\/p>\t\t\t\t\t\t\t<a href=\"\/es\/resource\/bay-kou-bliye-pote-mak-sonje-climate-injustice-in-haiti-and-the-case-for-reparations\/\" target=\"_self\">Seguir leyendo<\/a>\t\t\t\t\t\t\n\t\t\t\t\t\t\t<h3>2024 Launched current initiative:\u00a0Climate Justice, Racial Justice &#038; Regional Human Rights Systems<\/h3>\n\t\t\t\t\t\t\t<p>Lanzamos nuestro trabajo sobre <b>Justicia Clim\u00e1tica, Justicia Racial y Sistemas Regionales de Derechos Humanos<\/b>, que actualmente se encuentra en el Instituto Bernstein de Derechos Humanos de la Facultad de Derecho de la NYU, el cual centra la justicia racial en el trabajo legal, pol\u00edtico y acad\u00e9mico para combatir la degradaci\u00f3n ambiental, el cambio clim\u00e1tico y el desplazamiento relacionado.<\/p>\t\t\t\t\t\t\t<a href=\"\/es\/initiatives\/climate-justice-racial-justice-and-regional-human-rights-systems\/\" target=\"_self\">Seguir leyendo<\/a>\t\t\t\t\t\t\n\t\t\t\t\t\t\t<h3>2024 IACHR thematic hearing: Climate-induced migration<\/h3>\n\t\t\t\t\t\t\t<p>Colaboramos con socios regionales para presentar una audiencia tem\u00e1tica sobre movilidad humana en el contexto de la emergencia clim\u00e1tica ante la Comisi\u00f3n Interamericana de Derechos Humanos (CIDH). Bas\u00e1ndonos en nuestro escrito de amicus curiae presentado previamente ante la Corte Interamericana de Derechos Humanos (Corte IDH), solicitamos a la Comisi\u00f3n que comprendiera la migraci\u00f3n inducida por el clima como una crisis de justicia racial.<\/p>\t\t\t\t\t\t\t\t\t\t\t\t\t\n\t\t\t\t\t\t\t<h3>2024\u00a0Advancing climate justice, racial justice and reparations in the Inter-American Human Rights System<\/h3>\n\t\t\t\t\t\t\t<p>Participated in the oral hearing for the Inter-American Court of Human Rights&#8217; (IACtHR) Advisory Opinion in relation to the climate emergency, after submitting an amicus brief to the IACtHR. Our primary intervention in the brief was to underscore that a racial justice and equity lens is crucial for understanding and responding to the differentiated impacts of climate change.<\/p>\t\t\t\t\t\t\t<a href=\"\/es\/resource\/amicus-brief-submitted-to-iacthr-for-its-advisory-opinion-on-the-climate-emergency-and-human-rights-2023\/\" target=\"_blank\">Seguir leyendo<\/a>\t\t\t\t\t\t\n\t\t\t\t\t\t\t<h3>2023 IACHR thematic hearing: Racial justice and migration<\/h3>\n\t\t\t\t\t\t\t<p>Colabor\u00e9 con socios regionales para presentar una audiencia tem\u00e1tica sobre movilidad humana desde un enfoque etno-racial ante la Comisi\u00f3n Interamericana de Derechos Humanos. La audiencia se centr\u00f3 en el racismo que experimentan las personas negras, ind\u00edgenas y latinas en su traves\u00eda migratoria a trav\u00e9s de las Am\u00e9ricas y su interacci\u00f3n espec\u00edfica con los sistemas de inmigraci\u00f3n mexicanos y estadounidenses.<\/p>\t\t\t\t\t\t\t<a href=\"https:\/\/escholarship.org\/uc\/item\/64j2n9nz\" target=\"_blank\">Seguir leyendo<\/a>\t\t\t\t\t\t\n\t\t\t\t\t\t\t<h3>2023 Convening on Setting Institutional Priorities on Climate Reparations and Racial Justice: Learning from Social Movements<\/h3>\n\t\t\t\t\t\t\t<p>Organized convening &#8220;Setting Institutional Priorities on Climate Reparations and Racial Justice: Learning from Social Movements&#8221; that brought together experts from the United Nations and Inter-American human rights systems, and regional social movements to discuss the disproportionate impacts of the global climate crisis on racially marginalized peoples in North America, Central America, and the Caribbean-particularly people of African and Indigenous descent.<\/p>\t\t\t\t\t\t\t<a href=\"\/es\/resource\/setting-institutional-priorities-on-climate-reparations-racial-justice-learning-from-social-movements\/\" target=\"_self\">Seguir leyendo<\/a>\t\t\t\t\t\t\n\t\t\t\t\t\t\t<h3>2022 Launched UNSR Racism&#8217;s final thematic report: Environmental racism and climate justice<\/h3>\n\t\t\t\t\t\t\t<p>Launched the UNSR Racism E. Tendayi Achiume&#8217;s final thematic report on environmental racism and climate justice, which analyzes climate (in)justice as rooted in colonial histories and the persistent impacts of extractivism and structural racism today. The report relied on oral testimony and written submissions from civil society experts and activists around the world working on the frontlines of climate injustice and environmental racism. The civil society launch event included commentary from scholars and activists on how the global climate crisis is impacting Caribbean peoples.<\/p>\t\t\t\t\t\t\t<a href=\"\/es\/resource\/ecological-crisis-climate-justice-racial-justice\/\" target=\"_self\">Seguir leyendo<\/a>\t\t\t\t\t\t\n\t\t\t\t\t\t\t<h3>2022 Launched past initiative: Race &#038; Human Rights Reimagined Initiative<\/h3>\n\t\t\t\t\t\t\t<p>Launched, with a series of educational events, the <strong>Iniciativa Reimaginando Raza y Derechos Humanos<\/strong>, with resources for students, practitioners and scholars who are interested in thinking critically about race and human rights. These included the report &#8220;Trans-National Re-Imaginings&#8221;, a series of Executive Summaries on global racial justice issues and the role of international human rights law in addressing them, Third World Approaches to International Law (TWAIL) and Critical Race Theory (CRT) scholarship, and more. Each of these materials is digestible, easy to share, and illuminates racial injustice and the role of international human rights law in addressing it. The implications of what&#8217;s discussed echo widely, both domestically and globally.<\/p>\t\t\t\t\t\t\t<a href=\"\/es\/initiatives\/race-human-rights-reimagined-initiative\/\" target=\"_self\">Seguir leyendo<\/a>\t\t\t\t\t\t\n\t\t\t\t\t\t\t<h3>2020\u00a0Convening on &#8220;Transnational Legal Discourse on Race and Empire&#8221;<\/h3>\n\t\t\t\t\t\t\t<p>Organized &#8220;Transnational Legal Discourse on Race and Empire&#8221; Symposium that brought together Critical Race Theory (CRT) and Third World Approaches to International Law (TWAIL) scholars to continue the conversations initiated at the Race, Empire and International Law workshop in 2019. Many of the papers presented here were subsequently published in the Law Review&#8217;s April 2021 issue.<\/p>\t\t\t\t\t\t\t<a href=\"\/wp-content\/uploads\/2025\/10\/Race-and-Empire-Legal-Theory-Within-Through-and-Across-National-Borders.pdf\" target=\"_blank\">Seguir leyendo<\/a>\t\t\t\t\t\t\n\t\t\t\t\t\t\t<h3>2019 Convening on &#8220;Critical Perspectives on Race and Human Rights: Transnational Re-Imaginings&#8221;<\/h3>\n\t\t\t\t\t\t\t<p>Organized &#8220;Critical Perspectives on Race and Human Rights: Transnational Re-Imaginings&#8221; Symposium that brought together Critical Race Theory (CRT), Third World Approaches to International Law (TWAIL), and human rights scholars to think critically about the role of human rights in achieving racial justice and equality. Some of the papers presented at this symposium were subsequently published in JILFA&#8217;s Spring 2020 issue.\u00a0Two related workshops were held in conjunction with this Symposium: In the first, law students and early-career scholars were given the opportunity to present their work and receive feedback from senior scholars. In the second workshop, entitled &#8220;Race, Empire and International Law&#8221;, CRT and TWAIL scholars came together to think through the convergences and divergences between these two theoretical approaches and consider what a combined analytical approach to international law would bring to bear.<\/p>\t\t\t\t\t\t\t<a href=\"\/es\/resource\/trans-national-re-imaginings\/\" target=\"_self\">Seguir leyendo<\/a>\t\t\t\t\t\t\n\t\t\t\t\t\t\t<h3>2017 Prof. E. Tendayi Achiume appointed as UNSR Racism<\/h3>\n\t\t\t\t\t\t\t<p>Prof. E. Tendayi Achiume was appointed by the United Nations Human Rights Council as<strong> United Nations Special Rapporteur on contemporary forms of racism, racial discrimination, xenophobia and related intolerance<\/strong>, a position she held until 2022.<\/p>\t\t\t\t\t\t\t<a href=\"\/es\/initiatives\/un-anti-racism-mandate\/\" target=\"_self\">Seguir leyendo<\/a>","protected":false},"excerpt":{"rendered":"<p>This site is a repository that brings together resources that have come out of a number of initiatives that seek to advance new ways of thinking about law and legal institutions to create more just futures.We have pursued forms of engagement with civil society and movement leaders that have focused on creating space and opportunities &#8230; <a title=\"Acerca de\" class=\"read-more\" href=\"https:\/\/test.transnationaljusticeinitiatives.org\/es\/about\/\" aria-label=\"Leer m\u00e1s sobre About\">Leer m\u00e1s<\/a><\/p>","protected":false},"author":1,"featured_media":0,"parent":0,"menu_order":0,"comment_status":"closed","ping_status":"closed","template":"","meta":{"_acf_changed":false,"footnotes":""},"class_list":["post-35","page","type-page","status-publish"],"acf":[],"_links":{"self":[{"href":"https:\/\/test.transnationaljusticeinitiatives.org\/es\/wp-json\/wp\/v2\/pages\/35","targetHints":{"allow":["GET"]}}],"collection":[{"href":"https:\/\/test.transnationaljusticeinitiatives.org\/es\/wp-json\/wp\/v2\/pages"}],"about":[{"href":"https:\/\/test.transnationaljusticeinitiatives.org\/es\/wp-json\/wp\/v2\/types\/page"}],"author":[{"embeddable":true,"href":"https:\/\/test.transnationaljusticeinitiatives.org\/es\/wp-json\/wp\/v2\/users\/1"}],"replies":[{"embeddable":true,"href":"https:\/\/test.transnationaljusticeinitiatives.org\/es\/wp-json\/wp\/v2\/comments?post=35"}],"version-history":[{"count":43,"href":"https:\/\/test.transnationaljusticeinitiatives.org\/es\/wp-json\/wp\/v2\/pages\/35\/revisions"}],"predecessor-version":[{"id":5113,"href":"https:\/\/test.transnationaljusticeinitiatives.org\/es\/wp-json\/wp\/v2\/pages\/35\/revisions\/5113"}],"wp:attachment":[{"href":"https:\/\/test.transnationaljusticeinitiatives.org\/es\/wp-json\/wp\/v2\/media?parent=35"}],"curies":[{"name":"wp","href":"https:\/\/api.w.org\/{rel}","templated":true}]}}