{"id":2,"date":"2023-04-28T16:28:26","date_gmt":"2023-04-28T16:28:26","guid":{"rendered":"https:\/\/test.transnationaljusticeinitiatives.org\/?page_id=2"},"modified":"2026-04-14T19:31:40","modified_gmt":"2026-04-14T19:31:40","slug":"home","status":"publish","type":"page","link":"https:\/\/test.transnationaljusticeinitiatives.org\/es\/","title":{"rendered":"Home page"},"content":{"rendered":"<p>Informe Destacado<\/p>\n<h3>\n\t\t\tEstablecer prioridades institucionales en reparaciones clim\u00e1ticas y justicia racial: aprendiendo de los movimientos sociales\t<\/h3>\n\t<p>In March 2023, we brought together a working group of experts from the United Nations and Inter-American human rights systems and regional social movements to discuss the disproportionate impacts of the global climate crisis on racially marginalized peoples in North America, Central America, and the Caribbean &#8211; particularly people of African and Indigenous descent. This convening &#8220;Setting Institutional Priorities on Climate Reparations and Racial Justice: Learning from Social Movements&#8221; was held at UCLA Law. <\/p>\n<p>En particular, la Reuni\u00f3n busc\u00f3 abordar los crecientes reclamos por reparaciones clim\u00e1ticas que surgen de movimientos sociales y naciones del Sur Global, explorando opciones para reparaciones clim\u00e1ticas en el marco del derecho internacional, el marco internacional de derechos humanos y los mecanismos institucionales de las Naciones Unidas y la Comisi\u00f3n Interamericana de Derechos Humanos.<\/p>\n\t\t\t<a href=\"https:\/\/test.transnationaljusticeinitiatives.org\/es\/resource\/setting-institutional-priorities-on-climate-reparations-racial-justice-learning-from-social-movements\/\"  target=\"_self\">\n\t\t\t\t\t\t\tSeguir leyendo\n\t\t\t\t\t<\/a>\n<figure itemscope itemtype=\"https:\/\/schema.org\/ImageObject\">\n\t\t\t\t<img decoding=\"async\" src=\"https:\/\/test.transnationaljusticeinitiatives.org\/wp-content\/uploads\/2025\/09\/report-placeholder.jpg\" alt=\"report-placeholder\" height=\"416\" width=\"323\" title=\"reportar-marcador\" onerror=\"this.style.display='none'\" loading=\"lazy\" \/>\n\t<\/figure>\n<h2>\n\t\t\tExplora nuestros recursos\t<\/h2>\n\t\t\t<a href=\"\/es\/resources\/\"  target=\"_self\">\n\t\t\t\t\t\t\tVer todos los recursos\n\t\t\t\t\t<\/a>","protected":false},"excerpt":{"rendered":"<p>Featured Report Setting Institutional Priorities on Climate Reparations &#038; Racial Justice: Learning from Social Movements In March 2023, we brought together a working group of experts from the United Nations and Inter-American human rights systems and regional social movements to discuss the disproportionate impacts of the global climate crisis on racially marginalized peoples in North &#8230; <a title=\"Home page\" class=\"read-more\" href=\"https:\/\/test.transnationaljusticeinitiatives.org\/es\/\" aria-label=\"Leer m\u00e1s sobre Home page\">Leer m\u00e1s<\/a><\/p>","protected":false},"author":1,"featured_media":0,"parent":0,"menu_order":0,"comment_status":"closed","ping_status":"open","template":"","meta":{"_acf_changed":false,"footnotes":""},"class_list":["post-2","page","type-page","status-publish"],"acf":[],"_links":{"self":[{"href":"https:\/\/test.transnationaljusticeinitiatives.org\/es\/wp-json\/wp\/v2\/pages\/2","targetHints":{"allow":["GET"]}}],"collection":[{"href":"https:\/\/test.transnationaljusticeinitiatives.org\/es\/wp-json\/wp\/v2\/pages"}],"about":[{"href":"https:\/\/test.transnationaljusticeinitiatives.org\/es\/wp-json\/wp\/v2\/types\/page"}],"author":[{"embeddable":true,"href":"https:\/\/test.transnationaljusticeinitiatives.org\/es\/wp-json\/wp\/v2\/users\/1"}],"replies":[{"embeddable":true,"href":"https:\/\/test.transnationaljusticeinitiatives.org\/es\/wp-json\/wp\/v2\/comments?post=2"}],"version-history":[{"count":14,"href":"https:\/\/test.transnationaljusticeinitiatives.org\/es\/wp-json\/wp\/v2\/pages\/2\/revisions"}],"predecessor-version":[{"id":5084,"href":"https:\/\/test.transnationaljusticeinitiatives.org\/es\/wp-json\/wp\/v2\/pages\/2\/revisions\/5084"}],"wp:attachment":[{"href":"https:\/\/test.transnationaljusticeinitiatives.org\/es\/wp-json\/wp\/v2\/media?parent=2"}],"curies":[{"name":"wp","href":"https:\/\/api.w.org\/{rel}","templated":true}]}}